{"id":2,"date":"2023-02-14T08:40:34","date_gmt":"2023-02-14T08:40:34","guid":{"rendered":"https:\/\/ekergrup.com\/wp\/?page_id=2"},"modified":"2023-02-14T08:53:23","modified_gmt":"2023-02-14T08:53:23","slug":"sample-page","status":"publish","type":"page","link":"https:\/\/ekergrup.com\/","title":{"rendered":"Eker Grup"},"content":{"rendered":"<p><img loading=\"lazy\" decoding=\"async\" class=\"alignnone size-medium wp-image-13\" src=\"https:\/\/ekergrup.com\/wp\/wp-content\/uploads\/2023\/02\/beltasbesiktas2-300x225.jpg\" alt=\"\" width=\"300\" height=\"225\" srcset=\"https:\/\/ekergrup.com\/wp-content\/uploads\/2023\/02\/beltasbesiktas2-300x225.jpg 300w, https:\/\/ekergrup.com\/wp-content\/uploads\/2023\/02\/beltasbesiktas2-1024x769.jpg 1024w, https:\/\/ekergrup.com\/wp-content\/uploads\/2023\/02\/beltasbesiktas2-768x576.jpg 768w, https:\/\/ekergrup.com\/wp-content\/uploads\/2023\/02\/beltasbesiktas2.jpg 1359w\" sizes=\"auto, (max-width: 300px) 100vw, 300px\" \/> <img loading=\"lazy\" decoding=\"async\" class=\"alignnone size-medium wp-image-14\" src=\"https:\/\/ekergrup.com\/wp\/wp-content\/uploads\/2023\/02\/beltasbesiktas3-300x225.jpg\" alt=\"\" width=\"300\" height=\"225\" srcset=\"https:\/\/ekergrup.com\/wp-content\/uploads\/2023\/02\/beltasbesiktas3-300x225.jpg 300w, https:\/\/ekergrup.com\/wp-content\/uploads\/2023\/02\/beltasbesiktas3-1024x768.jpg 1024w, https:\/\/ekergrup.com\/wp-content\/uploads\/2023\/02\/beltasbesiktas3-768x576.jpg 768w, https:\/\/ekergrup.com\/wp-content\/uploads\/2023\/02\/beltasbesiktas3.jpg 1360w\" sizes=\"auto, (max-width: 300px) 100vw, 300px\" \/> <img loading=\"lazy\" decoding=\"async\" class=\"alignnone size-medium wp-image-15\" src=\"https:\/\/ekergrup.com\/wp\/wp-content\/uploads\/2023\/02\/beltasbesiktas4-300x169.jpg\" alt=\"\" width=\"300\" height=\"169\" srcset=\"https:\/\/ekergrup.com\/wp-content\/uploads\/2023\/02\/beltasbesiktas4-300x169.jpg 300w, https:\/\/ekergrup.com\/wp-content\/uploads\/2023\/02\/beltasbesiktas4-1024x576.jpg 1024w, https:\/\/ekergrup.com\/wp-content\/uploads\/2023\/02\/beltasbesiktas4-768x432.jpg 768w, https:\/\/ekergrup.com\/wp-content\/uploads\/2023\/02\/beltasbesiktas4.jpg 1360w\" sizes=\"auto, (max-width: 300px) 100vw, 300px\" \/> <img loading=\"lazy\" decoding=\"async\" class=\"alignnone size-medium wp-image-16\" src=\"https:\/\/ekergrup.com\/wp\/wp-content\/uploads\/2023\/02\/beltasortakoy1-300x225.jpg\" alt=\"\" width=\"300\" height=\"225\" srcset=\"https:\/\/ekergrup.com\/wp-content\/uploads\/2023\/02\/beltasortakoy1-300x225.jpg 300w, https:\/\/ekergrup.com\/wp-content\/uploads\/2023\/02\/beltasortakoy1-1024x768.jpg 1024w, https:\/\/ekergrup.com\/wp-content\/uploads\/2023\/02\/beltasortakoy1-768x576.jpg 768w, https:\/\/ekergrup.com\/wp-content\/uploads\/2023\/02\/beltasortakoy1.jpg 1360w\" sizes=\"auto, (max-width: 300px) 100vw, 300px\" \/> <img loading=\"lazy\" decoding=\"async\" class=\"alignnone size-medium wp-image-17\" src=\"https:\/\/ekergrup.com\/wp\/wp-content\/uploads\/2023\/02\/beltasortakoy2-300x225.jpg\" alt=\"\" width=\"300\" height=\"225\" srcset=\"https:\/\/ekergrup.com\/wp-content\/uploads\/2023\/02\/beltasortakoy2-300x225.jpg 300w, https:\/\/ekergrup.com\/wp-content\/uploads\/2023\/02\/beltasortakoy2-1024x768.jpg 1024w, https:\/\/ekergrup.com\/wp-content\/uploads\/2023\/02\/beltasortakoy2-768x576.jpg 768w, https:\/\/ekergrup.com\/wp-content\/uploads\/2023\/02\/beltasortakoy2.jpg 1360w\" sizes=\"auto, (max-width: 300px) 100vw, 300px\" \/> <img loading=\"lazy\" decoding=\"async\" class=\"alignnone size-medium wp-image-18\" src=\"https:\/\/ekergrup.com\/wp\/wp-content\/uploads\/2023\/02\/beltasortakoy3-300x225.jpg\" alt=\"\" width=\"300\" height=\"225\" srcset=\"https:\/\/ekergrup.com\/wp-content\/uploads\/2023\/02\/beltasortakoy3-300x225.jpg 300w, https:\/\/ekergrup.com\/wp-content\/uploads\/2023\/02\/beltasortakoy3-1024x768.jpg 1024w, https:\/\/ekergrup.com\/wp-content\/uploads\/2023\/02\/beltasortakoy3-768x576.jpg 768w, https:\/\/ekergrup.com\/wp-content\/uploads\/2023\/02\/beltasortakoy3.jpg 1360w\" sizes=\"auto, (max-width: 300px) 100vw, 300px\" \/><\/p>\n<p>Belta\u015f Ortak\u00f6y ve Be\u015fikta\u015f Kafe ve Restoran<\/p>\n","protected":false},"excerpt":{"rendered":"<p>Belta\u015f Ortak\u00f6y ve Be\u015fikta\u015f Kafe ve Restoran<\/p>\n","protected":false},"author":1,"featured_media":0,"parent":0,"menu_order":0,"comment_status":"closed","ping_status":"open","template":"","meta":{"footnotes":""},"class_list":["post-2","page","type-page","status-publish","hentry"],"_links":{"self":[{"href":"https:\/\/ekergrup.com\/index.php?rest_route=\/wp\/v2\/pages\/2","targetHints":{"allow":["GET"]}}],"collection":[{"href":"https:\/\/ekergrup.com\/index.php?rest_route=\/wp\/v2\/pages"}],"about":[{"href":"https:\/\/ekergrup.com\/index.php?rest_route=\/wp\/v2\/types\/page"}],"author":[{"embeddable":true,"href":"https:\/\/ekergrup.com\/index.php?rest_route=\/wp\/v2\/users\/1"}],"replies":[{"embeddable":true,"href":"https:\/\/ekergrup.com\/index.php?rest_route=%2Fwp%2Fv2%2Fcomments&post=2"}],"version-history":[{"count":2,"href":"https:\/\/ekergrup.com\/index.php?rest_route=\/wp\/v2\/pages\/2\/revisions"}],"predecessor-version":[{"id":19,"href":"https:\/\/ekergrup.com\/index.php?rest_route=\/wp\/v2\/pages\/2\/revisions\/19"}],"wp:attachment":[{"href":"https:\/\/ekergrup.com\/index.php?rest_route=%2Fwp%2Fv2%2Fmedia&parent=2"}],"curies":[{"name":"wp","href":"https:\/\/api.w.org\/{rel}","templated":true}]}}