{"id":22,"date":"2023-02-14T08:57:42","date_gmt":"2023-02-14T08:57:42","guid":{"rendered":"https:\/\/ekergrup.com\/wp\/?page_id=22"},"modified":"2023-02-14T08:57:42","modified_gmt":"2023-02-14T08:57:42","slug":"veri-sahibi-bilgi-edinme-basvuru-politikasi","status":"publish","type":"page","link":"https:\/\/ekergrup.com\/?page_id=22","title":{"rendered":"Veri Sahibi Bilgi Edinme Ba\u015fvuru Politikas\u0131"},"content":{"rendered":"<ol>\n<li><strong>Giri\u015f<\/strong><\/li>\n<\/ol>\n<p>&nbsp;<\/p>\n<p>T.C. Anayasas\u0131\u2019n\u0131n 20\u2019nci maddesine g\u00f6re, herkes, kendisiyle ilgili ki\u015fisel verilerin korunmas\u0131n\u0131 isteme hakk\u0131na sahiptir. Bir Anayasal hak olan ki\u015fisel verilerin korunmas\u0131 konusunda, <strong>\u201cVeri Sorumlusu\u201d s\u0131fat\u0131yla Eker Turistik \u0130\u015fletmeler ve Ticaret Ltd.\u015eti.<\/strong> taraf\u0131ndan olu\u015fturulan i\u015fbu ki\u015fisel veri ile ilgili bilgi edinme politikas\u0131 ile; <strong>\u015firket \u00e7al\u0131\u015fanlar\u0131, i\u015f ba\u015fvuru sahipleri, stajyerler, Hizmet sa\u011flay\u0131c\u0131lar\u0131 (tedarik\u00e7iler, tedarik\u00e7i \u00e7al\u0131\u015fanlar\u0131, alt i\u015fverenler, alt i\u015fveren \u00e7al\u0131\u015fanlar\u0131),i\u015f ba\u015fvurusu sahipleri \u00fc\u00e7\u00fcnc\u00fc ki\u015filer ve ziyaret\u00e7iler gibi ger\u00e7ek ki\u015filerin<\/strong> i\u015flenen ki\u015fisel verilerinin g\u00fcvenli bir \u015fekilde bilgi sahibi olma s\u00fcreci y\u00f6netilecektir<\/p>\n<ol start=\"2\">\n<li><strong>Ama\u00e7<\/strong><\/li>\n<\/ol>\n<p>&nbsp;<\/p>\n<p>Ki\u015fisel Verilere Eri\u015fim Hakk\u0131 \u0130lgili ki\u015filerin bir \u00fccrete tabi olmadan ki\u015fisel verilerine eri\u015fim hakk\u0131 bulunmaktad\u0131r. Bu nedenle <strong>Eker Turistik \u0130\u015fletmeler ve Ticaret Ltd.\u015eti.\u2019nin <\/strong>ilgili ki\u015fiye;<\/p>\n<p>&#8211; Ki\u015fisel verilerinin i\u015flenip i\u015flenmedi\u011fini \u00f6\u011frenme,<\/p>\n<p>&#8211; Ki\u015fisel verileri i\u015flenmi\u015fse buna ili\u015fkin bilgi talep etme,<\/p>\n<p>&#8211; Ki\u015fisel verilerinin i\u015flenme amac\u0131n\u0131 ve bunlar\u0131n amac\u0131na uygun kullan\u0131l\u0131p kullan\u0131lmad\u0131\u011f\u0131n\u0131<\/p>\n<p>\u00f6\u011frenme,<\/p>\n<p>&#8211; Yurt i\u00e7inde veya yurt d\u0131\u015f\u0131nda ki\u015fisel verilerinin aktar\u0131ld\u0131\u011f\u0131 \u00fc\u00e7\u00fcnc\u00fc ki\u015fileri bilme iste\u011finde<\/p>\n<p>bulunma hakk\u0131 oldu\u011fu bilgisini verme s\u00fcrecini d\u00fczenlemektir.<\/p>\n<p>&nbsp;<\/p>\n<ol start=\"3\">\n<li><strong> Kapsam<\/strong><\/li>\n<\/ol>\n<p>Bu Politika; <strong>Eker Turistik \u0130\u015fletmeler ve Ticaret Ltd.\u015eti.<\/strong>\u2019de, ba\u015fta \u201c<strong>\u00e7al\u0131\u015fanlar olmak \u00fczere, alt i\u015fverenler, alt i\u015fveren \u00e7al\u0131\u015fanlar\u0131, Hizmet sa\u011flay\u0131c\u0131lar\u0131 (tedarik\u00e7iler, tedarik\u00e7i \u00e7al\u0131\u015fanlar\u0131,alt i\u015fverenler, alt i\u015fveren \u00e7al\u0131\u015fanlar\u0131) i\u015f ba\u015fvurusu sahipleri, stajyerler, m\u00fc\u015fteriler, \u00fc\u00e7\u00fcnc\u00fc ki\u015filer ve ziyaret\u00e7ilerin<\/strong>\u201d, otomatik olan ya da herhangi bir veri kay\u0131t sisteminin par\u00e7as\u0131 olmak kayd\u0131yla otomatik olmayan yollarla i\u015flenen t\u00fcm ki\u015fisel verilerine ili\u015fkindir.<\/p>\n<p>&nbsp;<\/p>\n<ol start=\"4\">\n<li><strong>Ki\u015fisel Verilerini De\u011fi\u015ftirme veya Sildirme Hakk\u0131<\/strong><\/li>\n<\/ol>\n<p><strong>\u00a0<\/strong><\/p>\n<p>\u0130lgili ki\u015filerin bir \u00fccrete tabi olmadan ki\u015fisel verilerini de\u011fi\u015ftirme veya sildirme hakk\u0131 bulunmaktad\u0131r. Bu kapsamda ilgili ki\u015finin;<\/p>\n<p>&#8211; Ki\u015fisel verilerinin eksik veya yanl\u0131\u015f i\u015flenmi\u015f olmas\u0131 halinde bunlar\u0131n d\u00fczeltilmesini isteme,<\/p>\n<p>&#8211; Ki\u015fisel verilerinin i\u015flenmesini gerektiren sebeplerin ortadan kalkmas\u0131 halinde ki\u015fisel<\/p>\n<p>verilerin silinmesini veya yok edilmesini isteme,<\/p>\n<p>&#8211; Yukar\u0131da bahsedilen d\u00fczeltme, silme veya yok etme i\u015flemlerinin, ki\u015fisel verilerinin<\/p>\n<p>aktar\u0131ld\u0131\u011f\u0131 \u00fc\u00e7\u00fcnc\u00fc ki\u015filere bildirilmesini isteme,<\/p>\n<p>&#8211; \u0130\u015flenen verilerin m\u00fcnhas\u0131ran otomatik sistemler vas\u0131tas\u0131yla analiz edilmesi suretiyle aleyhe<\/p>\n<p>bir sonu\u00e7 ortaya \u00e7\u0131kmas\u0131na itiraz etme hakk\u0131 bulunmaktad\u0131r.<\/p>\n<p>&nbsp;<\/p>\n<ol start=\"5\">\n<li><strong>Ki\u015fisel Verilerin G\u00fcncelli\u011finin Sa\u011flanmas\u0131 <\/strong><\/li>\n<\/ol>\n<p><strong>\u00a0<\/strong><\/p>\n<p>KVKK uyar\u0131nca; <strong>Eker Turistik \u0130\u015fletmeler ve Ticaret Ltd.\u015eti.<\/strong>\u2019nin.ki\u015fisel verilerin do\u011fru ve gerekti\u011finde g\u00fcncel olmas\u0131n\u0131 sa\u011flama y\u00fck\u00fcml\u00fcl\u00fc\u011f\u00fc bulunmaktad\u0131r, bu sebeple ki\u015fisel verilerin do\u011fru ve g\u00fcncel tutulmas\u0131 a\u00e7\u0131s\u0131ndan mevcut durum de\u011fi\u015fikliklerinin ilgili taraf\u0131ndan <strong>Eker Turistik \u0130\u015fletmeler ve Ticaret Ltd.\u015eti.<\/strong>\u2019nin mevcut durum de\u011fi\u015fikliklerinin <strong>Y\u0131ld\u0131z Mahallesi,\u00c7i\u011fdem Sokak, No:5 Be\u015fikta\u015f \/ \u0130STANBUL<\/strong><strong>-T\u00fcrkiye<\/strong> adresine kimli\u011finizi teyit ve tevsik edici belgelerde eklemek suretiyle iadeli taahh\u00fctl\u00fc posta veya noter arac\u0131l\u0131\u011f\u0131yla yap\u0131lmas\u0131) bildirilmesi gerekir.<\/p>\n<p>&nbsp;<\/p>\n<ol start=\"6\">\n<li><strong>Ba\u015fvurulara Cevap Vermesi <\/strong><\/li>\n<\/ol>\n<p><strong>\u00a0<\/strong><\/p>\n<p><strong>Eker Turistik \u0130\u015fletmeler ve Ticaret Ltd.\u015eti.<\/strong>\u2019ye yaln\u0131zca; KVKK kapsam\u0131nda veri sorumlusu say\u0131ld\u0131\u011f\u0131 durumlarda ba\u015fvuru yap\u0131lmas\u0131 gerekmektedir.<\/p>\n<p>&nbsp;<\/p>\n<ul>\n<li><strong>Eker Turistik \u0130\u015fletmeler ve Ticaret Ltd.\u015eti.\u2019nin<\/strong> <strong>Ba\u015fvurulara Cevap Verme Usul\u00fc ve S\u00fcresi:<\/strong><\/li>\n<\/ul>\n<p>\u0130lgili ki\u015filer, <strong>Eker Turistik \u0130\u015fletmeler ve Ticaret Ltd.\u015eti.<\/strong> taraf\u0131ndan i\u015flenen ki\u015fisel verilere en k\u0131sa s\u00fcrede eri\u015fimi sa\u011flamak ad\u0131na ve yukar\u0131da belirtilen haklar\u0131n kullan\u0131lmas\u0131na y\u00f6nelik <strong>Eker Turistik \u0130\u015fletmeler ve Ticaret Ltd.\u015eti.<\/strong>\u2019nden talepte bulunabileceklerdir.<\/p>\n<p><strong>Eker Turistik \u0130\u015fletmeler ve Ticaret Ltd.\u015eti.<\/strong> bu eri\u015fim taleplerini kar\u015f\u0131lamak ad\u0131na gerekli ba\u015fvuru kanallar\u0131n\u0131 olu\u015fturur. Ba\u015fvurular en k\u0131sa s\u00fcrede ve her hal\u00fckarda KVKK\u2019da \u00f6ng\u00f6r\u00fclen s\u00fcre i\u00e7erisinde cevapland\u0131r\u0131l\u0131r. \u0130lgili ki\u015filer, <strong>Eker Turistik \u0130\u015fletmeler ve Ticaret Ltd.\u015eti.<\/strong> taraf\u0131ndan a\u00e7\u0131klanm\u0131\u015f ve\u201cVeri Sorumlular\u0131 Sicili\u2019nde\u201d ilan edilmi\u015f temsilciye ba\u015fvurmal\u0131lard\u0131r.<\/p>\n<p>Veri sorumlusu temsilcisi,(BGYS) ki\u015fisel verilerin i\u015flenmesi ve korunmas\u0131 ile ilgili talepleri<\/p>\n<p>niteli\u011fine g\u00f6re en k\u0131sa s\u00fcrede ve her hal\u00fckarda en ge\u00e7 30 g\u00fcn i\u00e7inde \u00fccretsiz olarak veya Kurul taraf\u0131ndan \u00fccrete ili\u015fkin. yay\u0131nlanacak tarifedeki ko\u015fullar\u0131n olu\u015fmas\u0131 durumunda tarifedeki \u00fccreti kar\u015f\u0131l\u0131\u011f\u0131nda sonu\u00e7land\u0131racakt\u0131r. Bu s\u00fcrenin ba\u015flayabilmesi i\u00e7in ilgili ki\u015filer taraf\u0131ndan yap\u0131lan talepler yaz\u0131l\u0131 veya Kurul\u2019un belirledi\u011fi di\u011fer y\u00f6ntemlerle veri temsilcisine g\u00f6nderilmelidir ve ayr\u0131ca veri sahibinin kimli\u011fini teyit ve tevsik edici belgelerde eklenmek suretiyle iletilmelidir. \u0130lgilice yap\u0131lacak ba\u015fvuru s\u0131ras\u0131nda ilgilinin hangi hakk\u0131n\u0131 kulland\u0131\u011f\u0131n\u0131 a\u00e7\u0131k\u00e7a belirtmesi ve varsa bilgi ve belgeleri ile; \u0130nternet \u00fczerinden <a href=\"http:\/\/www.ekergrup.com\"><strong>www.ekergrup.com<\/strong><\/a> web sitesinde yay\u0131nlanan \u201cVeri Sahibi Bilgi Talep Formu\u201d nu doldurarak veya <strong>Eker Turistik \u0130\u015fletmeler ve Ticaret Ltd.\u015eti.<\/strong> <strong>Y\u0131ld\u0131z Mahallesi,\u00c7i\u011fdem Sokak, No:5 Be\u015fikta\u015f \/ \u0130STANBUL<\/strong><strong> \u2013 T\u00fcrkiye<\/strong> kurumsal adresine iadeli taahh\u00fctl\u00fc mektup yoluyla veya noter arac\u0131l\u0131\u011f\u0131yla g\u00f6ndermesi gerekmektedir. \u0130lgili ki\u015fi taraf\u0131ndan yap\u0131lan talepler veri sorumlusu temsilcisi taraf\u0131ndan kabul veya gerek\u00e7esi a\u00e7\u0131klanarak reddedilir ve yaz\u0131l\u0131 veya elektronik ortamda cevap bildirilir. Ba\u015fvurunun kabul edilmesi halinde <strong>Eker Turistik \u0130\u015fletmeler ve Ticaret Ltd.\u015eti. <\/strong>taraf\u0131ndan gere\u011fi yerine getirilir ve <strong>Eker Turistik \u0130\u015fletmeler ve Ticaret Ltd.\u015eti.<\/strong>. hatas\u0131ndan kaynaklanmas\u0131 halinde al\u0131nan \u00fccret ilgili ki\u015fiye iade edilir.<\/p>\n<p>Ki\u015fisel verilerinin i\u015flenmesi\/ de\u011fi\u015ftirilmesi\/ silinmesi talebine ili\u015fkin baz\u0131 durumlarda hukuki y\u00fck\u00fcml\u00fcl\u00fcklerden dolay\u0131 veya KVKK\u2019n\u0131n 5. ve 6. maddeleri uyar\u0131nca belirlenmi\u015f di\u011fer nedenler do\u011frultusunda talebe olumlu yan\u0131t verilmemektedir. Bu durumda verilecek ret cevab\u0131nda sebepleri ayr\u0131nt\u0131l\u0131 bir \u015fekilde gerek\u00e7elendirilerek hukuki dayana\u011f\u0131 bildirilecektir. Ba\u015fvurunun <strong>Eker Turistik \u0130\u015fletmeler ve Ticaret Ltd.\u015eti. <\/strong>taraf\u0131ndan reddedilmesi, verilen cevab\u0131n yetersiz bulunmas\u0131 veya s\u00fcresinde cevap verilmemesi hallerinde; ilgili ki\u015finin cevab\u0131 \u00f6\u011frendi\u011fi tarihten itibaren 30 g\u00fcn ve her hal\u00fckarda ba\u015fvuru tarihinden itibaren 60 g\u00fcn i\u00e7inde Kurul\u2019a \u015fik\u00e2yette bulunma hakk\u0131 bulunmaktad\u0131r.<\/p>\n<p>&nbsp;<\/p>\n<ul>\n<li><strong>Eker Turistik \u0130\u015fletmeler ve Ticaret Ltd.\u015eti.\u2019nin <\/strong><strong>Ba\u015fvuruda Bulunan Ki\u015fisel Veri Sahibinden Talep Edebilece\u011fi Bilgiler<\/strong><\/li>\n<\/ul>\n<p><strong>\u00a0<\/strong><\/p>\n<p><strong>Eker Turistik \u0130\u015fletmeler ve Ticaret Ltd.\u015eti. <\/strong>ba\u015fvuruda bulunan ki\u015finin ki\u015fisel veri sahibi olup olmad\u0131\u011f\u0131n\u0131 tespit etmek ad\u0131na ilgili ki\u015fiden bilgi talep edebilir. <strong>Eker Turistik \u0130\u015fletmeler ve Ticaret Ltd.\u015eti. <\/strong>ki\u015fisel veri sahibinin ba\u015fvurusunda yer alan hususlar\u0131 netle\u015ftirmek ad\u0131na, ki\u015fisel veri sahibine ba\u015fvurusu ile ilgili soru y\u00f6neltebilir.<\/p>\n<p>&nbsp;<\/p>\n<ul>\n<li><strong>Eker Turistik \u0130\u015fletmeler ve Ticaret Ltd.\u015eti.\u2019<\/strong><strong>nin Ki\u015fisel Veri Sahibinin Ba\u015fvurusunu Reddetme Hakk\u0131<\/strong><\/li>\n<\/ul>\n<p><strong>\u00a0<\/strong><\/p>\n<p><strong>Eker Turistik \u0130\u015fletmeler ve Ticaret Ltd.\u015eti.<\/strong> a\u015fa\u011f\u0131da yer alan hallerde ba\u015fvuruda bulunan ki\u015finin ba\u015fvurusunu, gerek\u00e7esini a\u00e7\u0131klayarak reddedebilir:<\/p>\n<p>&#8211; Ki\u015fisel verilerin, \u00fc\u00e7\u00fcnc\u00fc ki\u015filere verilmemek ve veri g\u00fcvenli\u011fine ili\u015fkin y\u00fck\u00fcml\u00fcl\u00fcklere<\/p>\n<p>uyulmak kayd\u0131yla ger\u00e7ek ki\u015filer taraf\u0131ndan tamamen kendisiyle veya ayn\u0131 konutta<\/p>\n<p>ya\u015fayan aile fertleriyle ilgili faaliyetler kapsam\u0131nda i\u015flenmesi,<\/p>\n<p>&#8211; Ki\u015fisel verilerin resmi istatistik ile anonim h\u00e2le getirilmek suretiyle ara\u015ft\u0131rma, planlama<\/p>\n<p>ve istatistik gibi ama\u00e7larla i\u015flenmesi,<\/p>\n<p>&#8211; Ki\u015fisel verilerin mill\u00ee savunmay\u0131, mill\u00ee g\u00fcvenli\u011fi, kamu g\u00fcvenli\u011fini, kamu d\u00fczenini,<\/p>\n<p>ekonomik g\u00fcvenli\u011fi, \u00f6zel hayat\u0131n gizlili\u011fini veya ki\u015filik haklar\u0131n\u0131 ihlal etmemek ya da<\/p>\n<p>su\u00e7 te\u015fkil etmemek kayd\u0131yla, sanat, tarih, edebiyat veya bilimsel ama\u00e7larla ya da ifade<\/p>\n<p>\u00f6zg\u00fcrl\u00fc\u011f\u00fc kapsam\u0131nda i\u015flenmesi<\/p>\n<p>&#8211; Ki\u015fisel verilerin mill\u00ee savunmay\u0131, mill\u00ee g\u00fcvenli\u011fi, kamu g\u00fcvenli\u011fini, kamu d\u00fczenini veya<\/p>\n<p>ekonomik g\u00fcvenli\u011fi sa\u011flamaya y\u00f6nelik olarak kanunla g\u00f6rev ve yetki verilmi\u015f kamu<\/p>\n<p>kurum ve kurulu\u015flar\u0131 taraf\u0131ndan y\u00fcr\u00fct\u00fclen \u00f6nleyici, koruyucu ve istihbari faaliyetler<\/p>\n<p>kapsam\u0131nda i\u015flenmesi,<\/p>\n<ul>\n<li>Ki\u015fisel verilerin soru\u015fturma, kovu\u015fturma, yarg\u0131lama veya infaz \u0130\u015flemlerine ili\u015fkin olarak yarg\u0131 makamlar\u0131 veya infaz mercileri taraf\u0131ndan i\u015flenmesi,<\/li>\n<\/ul>\n<p>&#8211; Ki\u015fisel veri i\u015flemenin su\u00e7 i\u015flenmesinin \u00f6nlenmesi veya su\u00e7 soru\u015fturmas\u0131 i\u00e7in gerekli<\/p>\n<p>olmas\u0131,<\/p>\n<p>&#8211; Ki\u015fisel veri sahibinin kendisi taraf\u0131ndan alenile\u015ftirilmi\u015f ki\u015fisel verilerin i\u015flenmesi,<\/p>\n<p>&#8211; Ki\u015fisel veri i\u015flemenin kanunun verdi\u011fi yetkiye dayan\u0131larak g\u00f6revli ve yetkili kamu kurum<\/p>\n<p>ve kurulu\u015flar\u0131 ile kamu kurumu niteli\u011findeki meslek kurulu\u015flar\u0131nca, denetleme veya<\/p>\n<p>d\u00fczenleme g\u00f6revlerinin y\u00fcr\u00fct\u00fclmesi ile disiplin soru\u015fturma veya kovu\u015fturmas\u0131 i\u00e7in<\/p>\n<p>gerekli olmas\u0131,<\/p>\n<p>&#8211; Ki\u015fisel veri i\u015flemenin b\u00fct\u00e7e, vergi ve mali konulara ili\u015fkin olarak Devletin ekonomik ve<\/p>\n<p>mali \u00e7\u0131karlar\u0131n\u0131n korunmas\u0131 i\u00e7in gerekli olmas\u0131,<\/p>\n<ul>\n<li>Ki\u015fisel veri sahibinin talebinin di\u011fer ki\u015filerin hak ve \u00f6zg\u00fcrl\u00fcklerini engelleme ihtimali olmas\u0131,<\/li>\n<li>Orant\u0131s\u0131z \u00e7aba gerektiren taleplerde bulunulmu\u015f olmas\u0131,<\/li>\n<\/ul>\n<p>&#8211; Talep edilen bilginin kamuya a\u00e7\u0131k bir bilgi olmas\u0131.<\/p>\n","protected":false},"excerpt":{"rendered":"<p>Giri\u015f &nbsp; T.C. Anayasas\u0131\u2019n\u0131n 20\u2019nci maddesine g\u00f6re, herkes, kendisiyle ilgili ki\u015fisel verilerin korunmas\u0131n\u0131 isteme hakk\u0131na sahiptir. Bir Anayasal hak olan ki\u015fisel verilerin korunmas\u0131 konusunda, \u201cVeri Sorumlusu\u201d s\u0131fat\u0131yla Eker Turistik \u0130\u015fletmeler ve Ticaret Ltd.\u015eti. taraf\u0131ndan olu\u015fturulan i\u015fbu ki\u015fisel veri ile ilgili &hellip; <\/p>\n","protected":false},"author":1,"featured_media":0,"parent":0,"menu_order":0,"comment_status":"closed","ping_status":"closed","template":"","meta":{"footnotes":""},"class_list":["post-22","page","type-page","status-publish","hentry"],"_links":{"self":[{"href":"https:\/\/ekergrup.com\/index.php?rest_route=\/wp\/v2\/pages\/22","targetHints":{"allow":["GET"]}}],"collection":[{"href":"https:\/\/ekergrup.com\/index.php?rest_route=\/wp\/v2\/pages"}],"about":[{"href":"https:\/\/ekergrup.com\/index.php?rest_route=\/wp\/v2\/types\/page"}],"author":[{"embeddable":true,"href":"https:\/\/ekergrup.com\/index.php?rest_route=\/wp\/v2\/users\/1"}],"replies":[{"embeddable":true,"href":"https:\/\/ekergrup.com\/index.php?rest_route=%2Fwp%2Fv2%2Fcomments&post=22"}],"version-history":[{"count":1,"href":"https:\/\/ekergrup.com\/index.php?rest_route=\/wp\/v2\/pages\/22\/revisions"}],"predecessor-version":[{"id":23,"href":"https:\/\/ekergrup.com\/index.php?rest_route=\/wp\/v2\/pages\/22\/revisions\/23"}],"wp:attachment":[{"href":"https:\/\/ekergrup.com\/index.php?rest_route=%2Fwp%2Fv2%2Fmedia&parent=22"}],"curies":[{"name":"wp","href":"https:\/\/api.w.org\/{rel}","templated":true}]}}