{"id":26,"date":"2023-02-14T08:59:30","date_gmt":"2023-02-14T08:59:30","guid":{"rendered":"https:\/\/ekergrup.com\/wp\/?page_id=26"},"modified":"2023-02-14T08:59:30","modified_gmt":"2023-02-14T08:59:30","slug":"internet-sayfasi-kullanim-kosullari-proseduru","status":"publish","type":"page","link":"https:\/\/ekergrup.com\/?page_id=26","title":{"rendered":"\u0130nternet sayfas\u0131 kullan\u0131m ko\u015fullar\u0131 prosed\u00fcr\u00fc"},"content":{"rendered":"<p><strong>\u00a0<\/strong>Say\u0131n ziyaret\u00e7imiz; \u0130\u015f bu prosed\u00fcr internet sitemizi kullanma ko\u015fullar\u0131m\u0131z hakk\u0131nda sizi bilgilendirilmek \u00fczere haz\u0131rlanm\u0131\u015ft\u0131r.<\/p>\n<p>A\u015fa\u011f\u0131daki metinde yaz\u0131l\u0131 bulunan ve <a href=\"http:\/\/www.ekergrup.com\">www.ekergrup.com<\/a> kullan\u0131m \u015fartlar\u0131, gizlilik ve telif haklar\u0131 ile ilgili size bilgi veren metni okuman\u0131z gerekmektedir.<\/p>\n<p>&nbsp;<\/p>\n<p>Bu prosed\u00fcrde yer alan \u015fartlar\u0131 kabul etmeniz halinde sizden beklenen, ister \u00fcye olarak ister konuk olarak sitemizi ziyaret ederken i\u015f bu prosed\u00fcr\u00fcn \u015fartlar\u0131na uyman\u0131zd\u0131r.<\/p>\n<p>Sitemizden faydalanmaya ba\u015flamadan \u00f6nce sizden ne gibi bilgiler istendi\u011fini ve bunlar\u0131n ne ama\u00e7la istendi\u011fini anlad\u0131\u011f\u0131n\u0131zdan emin olman\u0131z sizin yarar\u0131n\u0131zad\u0131r.<\/p>\n<p><a href=\"http:\/\/www.ekergrup.com\">www.ekergrup.com<\/a> sitesinin t\u00fcm haklar\u0131,<strong> Eker Turistik \u0130\u015fletmeler ve Ticaret Ltd.\u015eti<\/strong><strong>.\u2019ye<\/strong> aittir. Site i\u00e7eri\u011findeki t\u00fcm malzemeler uluslararas\u0131 telif haklar\u0131 ve ticari marka kanunlar\u0131 taraf\u0131ndan korunmaktad\u0131r. Kod ve yaz\u0131l\u0131m da dahil olmak \u00fczere, site i\u00e7eri\u011findeki t\u00fcm materyaller, yaz\u0131, makale, g\u00f6r\u00fcnt\u00fc, dok\u00fcman, foto\u011fraf, resim, ses, i\u015faret vesaire fikir \u00fcr\u00fcnleri Telif Haklar\u0131 ile ilgili yasal mevzuat uyar\u0131nca korunmakta olup, <strong>Eker Turistik \u0130\u015fletmeler ve Ticaret Ltd.\u015eti.<\/strong><strong>\u2019<\/strong>nin yaz\u0131l\u0131 izni olmad\u0131k\u00e7a bu sitedeki hi\u00e7bir malzemeyi de\u011fi\u015ftiremez, \u00e7o\u011faltamaz, kopyalayamaz, yeniden yay\u0131mlayamaz ya da da\u011f\u0131tamazs\u0131n\u0131z. <a href=\"http:\/\/www.ekergrup.com\">www.ekergrup.com<\/a>\u2019da yer alan yaz\u0131, makale, g\u00f6r\u00fcnt\u00fc, dok\u00fcman,foto\u011fraf,resim,ses materyallerini <a href=\"http:\/\/www.ekergrup.com\">www.ekergrup.com<\/a> sitesine ba\u011fl\u0131 kald\u0131\u011f\u0131n\u0131z s\u00fcre boyunca kullanma hakk\u0131na sahipsiniz.<\/p>\n<p><a href=\"http:\/\/www.ekergrup.com\">www.ekergrup.com<\/a>, \u00fc\u00e7\u00fcnc\u00fc \u015fah\u0131slar taraf\u0131ndan idare edilen internet sitelerine ba\u011flant\u0131lar ve y\u00f6nlendiriciler de sa\u011flamaktad\u0131r. <a href=\"http:\/\/www.ekergrup.com\">www.ekergrup.com<\/a>, bu \u00fc\u00e7\u00fcnc\u00fc \u015fah\u0131s sitelerindeki bilgileri, \u00fcr\u00fcnleri ve hizmetleri hi\u00e7bir \u015fekilde i\u015fletmemekte ya da denetlememektedir. <a href=\"http:\/\/www.ekergrup.com\">www.ekergrup.com<\/a> kanal\u0131 ile ba\u011fland\u0131\u011f\u0131n\u0131z di\u011fer sitelerde yay\u0131nlanan i\u00e7erik ve sorunlar ba\u011flan\u0131lan sitenin sorumlulu\u011fu alt\u0131ndad\u0131r. Ba\u011flan\u0131lan sitelerdeki i\u00e7erikler ve sorunlar nedeniyle <a href=\"http:\/\/www.ekergrup.com\">www.ekergrup.com<\/a>&#8216;a sorumluluk y\u00fcklenilemez, y\u00f6neltilemez. <a href=\"http:\/\/www.ekergrup.com\">www.ekergrup.com<\/a>, malzemelerinin kullan\u0131m\u0131ndan ya da kullan\u0131lamamas\u0131ndan kaynaklanabilecek do\u011frudan veya dolayl\u0131 sonu\u00e7lar\u0131n yol a\u00e7abilece\u011fi hi\u00e7bir zarardan sorumlu de\u011fildir. Bu prosed\u00fcr, <a href=\"http:\/\/www.ekergrup.com\">www.ekergrup.com<\/a> taraf\u0131ndan, herhangi bir anda, \u00f6nceden uyar\u0131 yap\u0131lmaks\u0131z\u0131n sonland\u0131r\u0131l\u0131ncaya kadar ge\u00e7erlidir. Bilgisayar\u0131n\u0131za indirdi\u011finiz malzemelerle ilgili size getirilen k\u0131s\u0131tlamalar ve bu anla\u015fmada say\u0131lan sorumluluklar\u0131n reddi ve s\u0131n\u0131rlanmas\u0131 devam edecektir.<\/p>\n<p>&nbsp;<\/p>\n<p><a href=\"http:\/\/www.ekergrup.com\">www.ekergrup.com<\/a>, gizlilik haklar\u0131n\u0131za \u00f6nem verdi\u011fi i\u00e7in, a\u015fa\u011f\u0131da belirtilen \u015fu ilkelere uyar:<\/p>\n<p>&nbsp;<\/p>\n<p>Ki\u015fisel bilgileriniz gerekti\u011finde bunu a\u00e7\u0131k\u00e7a sorar\u0131z. <a href=\"http:\/\/www.ekergrup.com\">www.ekergrup.com<\/a>&#8216;nin yeni \u00f6zellikleri, hizmetleri ya da \u00fcr\u00fcnleri hakk\u0131nda size zaman zaman bilgi g\u00f6nderebiliriz fakat ki\u015fisel bilgilerinizi kesinlikle \u00fc\u00e7\u00fcnc\u00fc \u015fah\u0131slarla payla\u015fmaz ve a\u00e7\u0131klamay\u0131z. E\u011fer bu ilkelerimiz hakk\u0131nda sorular\u0131n\u0131z varsa, l\u00fctfen <a href=\"http:\/\/www.ekergrup.com\">www.ekergrup.com<\/a> web adresi \u00fczerinden yada \u00a0elektronik posta yoluyla g\u00f6nderiniz.<\/p>\n<p>&nbsp;<\/p>\n<p>Bu Prosed\u00fcr, T\u00fcrkiye Cumhuriyeti yasalar\u0131na uygun olarak, hi\u00e7bir yasal tezata yer verilmeden y\u00fcr\u00fct\u00fclecektir. E\u011fer bu prosed\u00fcr\u00fcn herhangi bir maddesi, yasad\u0131\u015f\u0131, ge\u00e7ersiz ya da herhangi bir nedenden \u00f6t\u00fcr\u00fc yasal a\u00e7\u0131dan uygulanamaz durumdaysa, o halde s\u00f6z konusu madde bu prosed\u00fcrden \u00e7\u0131kar\u0131labilir say\u0131lacak ve geriye kalan maddelerin ge\u00e7erlili\u011fini ve yasal a\u00e7\u0131dan uygulanabilirli\u011fini etkilemeyecektir.<\/p>\n<p>&nbsp;<\/p>\n","protected":false},"excerpt":{"rendered":"<p>\u00a0Say\u0131n ziyaret\u00e7imiz; \u0130\u015f bu prosed\u00fcr internet sitemizi kullanma ko\u015fullar\u0131m\u0131z hakk\u0131nda sizi bilgilendirilmek \u00fczere haz\u0131rlanm\u0131\u015ft\u0131r. A\u015fa\u011f\u0131daki metinde yaz\u0131l\u0131 bulunan ve www.ekergrup.com kullan\u0131m \u015fartlar\u0131, gizlilik ve telif haklar\u0131 ile ilgili size bilgi veren metni okuman\u0131z gerekmektedir. &nbsp; Bu prosed\u00fcrde yer alan \u015fartlar\u0131 &hellip; <\/p>\n","protected":false},"author":1,"featured_media":0,"parent":0,"menu_order":0,"comment_status":"closed","ping_status":"closed","template":"","meta":{"footnotes":""},"class_list":["post-26","page","type-page","status-publish","hentry"],"_links":{"self":[{"href":"https:\/\/ekergrup.com\/index.php?rest_route=\/wp\/v2\/pages\/26","targetHints":{"allow":["GET"]}}],"collection":[{"href":"https:\/\/ekergrup.com\/index.php?rest_route=\/wp\/v2\/pages"}],"about":[{"href":"https:\/\/ekergrup.com\/index.php?rest_route=\/wp\/v2\/types\/page"}],"author":[{"embeddable":true,"href":"https:\/\/ekergrup.com\/index.php?rest_route=\/wp\/v2\/users\/1"}],"replies":[{"embeddable":true,"href":"https:\/\/ekergrup.com\/index.php?rest_route=%2Fwp%2Fv2%2Fcomments&post=26"}],"version-history":[{"count":1,"href":"https:\/\/ekergrup.com\/index.php?rest_route=\/wp\/v2\/pages\/26\/revisions"}],"predecessor-version":[{"id":27,"href":"https:\/\/ekergrup.com\/index.php?rest_route=\/wp\/v2\/pages\/26\/revisions\/27"}],"wp:attachment":[{"href":"https:\/\/ekergrup.com\/index.php?rest_route=%2Fwp%2Fv2%2Fmedia&parent=26"}],"curies":[{"name":"wp","href":"https:\/\/api.w.org\/{rel}","templated":true}]}}