{"id":28,"date":"2023-02-14T09:00:39","date_gmt":"2023-02-14T09:00:39","guid":{"rendered":"https:\/\/ekergrup.com\/wp\/?page_id=28"},"modified":"2023-02-14T09:00:39","modified_gmt":"2023-02-14T09:00:39","slug":"veri-sahibi-bilgi-talep-proseduru","status":"publish","type":"page","link":"https:\/\/ekergrup.com\/?page_id=28","title":{"rendered":"Veri sahibi bilgi talep prosed\u00fcr\u00fc"},"content":{"rendered":"<p><strong>GENEL A\u00c7IKLAMALAR <\/strong><\/p>\n<p>6698 Say\u0131l\u0131 Ki\u015fisel Verilerin Korunmas\u0131 Kanunu\u2019nda (\u201cKVK Kanunu\u201d) ilgili ki\u015fi olarak tan\u0131mlanan ki\u015fisel veri sahiplerine (\u201cBundan sonra \u201cBa\u015fvuru Sahibi\u201d olarak an\u0131lacakt\u0131r), KVK Kanunu\u2019nun 11\u2019inci maddesinde ki\u015fisel verilerinin i\u015flenmesine ili\u015fkin birtak\u0131m taleplerde bulunma hakk\u0131 tan\u0131nm\u0131\u015ft\u0131r.<\/p>\n<p>KVK Kanunu\u2019nun 13\u2019\u00fcnc\u00fc maddesinin birinci f\u0131kras\u0131 uyar\u0131nca; veri sorumlusu olan <strong>Eker Turistik \u0130\u015fletmeler ve Ticaret Ltd.\u015eti.<\/strong> \u00a0bu haklara ili\u015fkin olarak yap\u0131lacak ba\u015fvurular\u0131n bu <strong>prosed\u00fcre<\/strong> uygun ve yaz\u0131l\u0131 olarak veya Ki\u015fisel Verilerin Korunmas\u0131 Kurulu (\u201cKurul\u201d) taraf\u0131ndan belirlenen di\u011fer y\u00f6ntemlerle taraf\u0131m\u0131za iletilmesi gerekmektedir.<\/p>\n<p>Bu \u00e7er\u00e7evede <strong>Eker Turistik \u0130\u015fletmeler ve Ticaret Ltd.\u015eti.<\/strong>\u2019ne yap\u0131lacak ba\u015fvurular, \u201c<strong>Veri Sahibi Bilgi Edinme Ba\u015fvuru Politikas\u0131<\/strong>\u201d kapsam\u0131nda,bu \u201c<strong>prosed\u00fcr\u201d<\/strong>e uygun ve ekte ki \u201c<strong>Veri Sahibi Bilgi Talep Formu<\/strong>\u201d nun \u00e7\u0131kt\u0131s\u0131 al\u0131narak;<\/p>\n<ul>\n<li>Ba\u015fvuru Sahibi\u2019nin \u015fahsen ba\u015fvurusu ile,<\/li>\n<li>Noter vas\u0131tas\u0131yla,<\/li>\n<li>Ba\u015fvuru Sahibi\u2019nce 5070 Say\u0131l\u0131 Elektronik \u0130mza Kanununda tan\u0131ml\u0131 olan \u201cg\u00fcvenli elektronik imza\u201d<\/li>\n<\/ul>\n<p>\u0130le imzalanarak <strong>Eker Turistik \u0130\u015fletmeler ve Ticaret Ltd.\u015eti.<\/strong>\u2019nin<\/p>\n<ul>\n<li>Kay\u0131tl\u0131 elektronik posta adresine g\u00f6nderilmek suretiyle,<\/li>\n<li>Mobil imza y\u00f6ntemiyle,<\/li>\n<li>Varsa <strong>Eker Turistik \u0130\u015fletmeler ve Ticaret Ltd.\u015eti.<\/strong>\u2019ne daha \u00f6nce bildirdi\u011finiz ve <strong>Eker Turistik \u0130\u015fletmeler ve Ticaret Ltd.\u015eti.<\/strong> sistemlerinde kay\u0131tl\u0131 bulunan elektronik posta adresi arac\u0131l\u0131\u011f\u0131 ile taraf\u0131m\u0131za iletilebilecektir.<\/li>\n<\/ul>\n<p>&nbsp;<\/p>\n<p>A\u015fa\u011f\u0131da, yaz\u0131l\u0131 ba\u015fvurular\u0131n ne \u015fekilde taraf\u0131m\u0131za ula\u015ft\u0131r\u0131laca\u011f\u0131na ili\u015fkin yaz\u0131l\u0131 ba\u015fvuru kanallar\u0131 \u00f6zelinde bilgiler verilmektedir.<\/p>\n<p>L\u00fctfen bunlardan birini se\u00e7iniz;<\/p>\n<p>&nbsp;<\/p>\n<p>&nbsp;<\/p>\n<p>&nbsp;<\/p>\n<p>&nbsp;<\/p>\n<table>\n<tbody>\n<tr>\n<td width=\"215\"><strong>\u00a0<\/strong><\/p>\n<p><strong>BA\u015eVURU Y\u00d6NTEM\u0130<\/strong><\/td>\n<td width=\"194\"><strong>\u00a0<\/strong><\/p>\n<p><strong>BA\u015eVURUNUN YAPILACA\u011eI ADRES<\/strong><\/td>\n<td width=\"205\"><strong>\u00a0<\/strong><\/p>\n<p><strong>BA\u015eVURU G\u00d6NDER\u0130M\u0130NDE BEL\u0130RT\u0130LECEK B\u0130LG\u0130<\/strong><\/p>\n<p><strong>\u00a0<\/strong><\/td>\n<\/tr>\n<tr>\n<td width=\"215\">&nbsp;<\/p>\n<p><strong>\u015eahsen Ba\u015fvuru<\/strong> (Ba\u015fvuru sahibinin bizzat gelerek kimli\u011fini tevsik edici belge ile ba\u015fvurmas\u0131)<\/td>\n<td width=\"194\">&nbsp;<\/p>\n<p>Y\u0131ld\u0131z Mahallesi,\u00c7i\u011fdem Sokak, No:5 Be\u015fikta\u015f \/ \u0130STANBUL &#8211; T\u00dcRK\u0130YE<\/td>\n<td width=\"205\">&nbsp;<\/p>\n<p>Tebligat zarf\u0131 \u00fczerine <strong>\u201cKi\u015fisel Verilerin Korunmas\u0131 Kanunu Kapsam\u0131nda Bilgi Talebi\u201d<\/strong> yaz\u0131lacakt\u0131r.<\/td>\n<\/tr>\n<tr>\n<td width=\"215\">&nbsp;<\/p>\n<p>&nbsp;<\/p>\n<p><strong>Noter vas\u0131tas\u0131yla tebligat<\/strong><\/td>\n<td width=\"194\">&nbsp;<\/p>\n<p>Y\u0131ld\u0131z Mahallesi,\u00c7i\u011fdem Sokak, No:5 Be\u015fikta\u015f \/ \u0130STANBUL &#8211; T\u00dcRK\u0130YE<\/td>\n<td width=\"205\">&nbsp;<\/p>\n<p>Tebligat zarf\u0131 \u00fczerine <strong>\u201cKi\u015fisel Verilerin Korunmas\u0131 Kanunu Kapsam\u0131nda Bilgi Talebi\u201d<\/strong> yaz\u0131lacakt\u0131r.<\/td>\n<\/tr>\n<tr>\n<td width=\"215\">&nbsp;<\/p>\n<p><strong>\u201cG\u00fcvenli elektronik imza\u201d<\/strong> ile imzalanarak Kay\u0131tl\u0131 Elektronik Posta (KEP) yoluyla<\/td>\n<td width=\"194\">&nbsp;<\/p>\n<p>&nbsp;<\/p>\n<p>&#8230;&#8230;&#8230;&#8230;..@&#8230;&#8230;&#8230;..kep.tr<\/td>\n<td width=\"205\">&nbsp;<\/p>\n<p>Elektronik posta\u2019n\u0131n konu <strong>k\u0131sm\u0131na \u201cKi\u015fisel Verilerin Korunmas\u0131 Kanunu Bilgi Talebi\u201d<\/strong> yaz\u0131lacakt\u0131r.<\/p>\n<p>&nbsp;<\/td>\n<\/tr>\n<tr>\n<td width=\"215\"><strong>\u00a0<\/strong><\/p>\n<p><strong>elektronik posta<\/strong> ile<\/p>\n<p><strong>Eker Turistik \u0130\u015fletmeler ve Ticaret Ltd.\u015eti.<\/strong>\u2019ne daha \u00f6nce bildirdi\u011finiz ve <strong>Eker Turistik \u0130\u015fletmeler ve Ticaret Ltd.\u015eti.<\/strong>sistemlerinde kay\u0131tl\u0131 bulunan elektronik posta adresinden g\u00f6nderilecek elektronik posta ile<\/p>\n<p>&nbsp;<\/td>\n<td width=\"194\">&nbsp;<\/p>\n<p>&nbsp;<\/p>\n<p>&nbsp;<\/p>\n<p>&nbsp;<\/p>\n<p>&nbsp;<\/p>\n<p><a href=\"mailto:info@ekergrup.com\">info@ekergrup.com<\/a><\/td>\n<td width=\"205\">&nbsp;<\/p>\n<p>&nbsp;<\/p>\n<p>&nbsp;<\/p>\n<p>Elektronik postan\u0131n konu <strong>k\u0131sm\u0131na \u201cKi\u015fisel Verilerin Korunmas\u0131 Kanunu Bilgi Talebi\u201d<\/strong> yaz\u0131lacakt\u0131r.<\/p>\n<p>&nbsp;<\/td>\n<\/tr>\n<\/tbody>\n<\/table>\n<p>&nbsp;<\/p>\n<p>Taraf\u0131m\u0131za iletilmi\u015f olan ba\u015fvurular\u0131n\u0131z KVK Kanunu\u2019nun 13\u2019\u00fcnc\u00fc maddesinin 2\u2019inci f\u0131kras\u0131 gere\u011fince, talebin niteli\u011fine g\u00f6re talebinizin <strong><em><u>bizlere ula\u015ft\u0131\u011f\u0131 tarihten itibaren en ge\u00e7 30 (otuz) g\u00fcn i\u00e7inde<\/u><\/em><\/strong> yan\u0131tland\u0131r\u0131lacakt\u0131r. Yan\u0131tlar\u0131m\u0131z ilgili KVK Kanunu\u2019nun 13\u2019\u00fcnc\u00fc maddesi h\u00fckm\u00fc gere\u011fince yaz\u0131l\u0131 veya elektronik ortamdan taraf\u0131n\u0131za ula\u015ft\u0131r\u0131lacakt\u0131r.<\/p>\n<p><strong>VER\u0130 SAH\u0130B\u0130 B\u0130LG\u0130 TALEP FORMU<\/strong><\/p>\n<ol>\n<li><strong>Ba\u015fvuru Sahibi ileti\u015fim bilgileri:<\/strong><\/li>\n<\/ol>\n<p>&nbsp;<\/p>\n<table width=\"662\">\n<tbody>\n<tr>\n<td width=\"212\">\u0130S\u0130M<\/td>\n<td width=\"450\">&nbsp;<\/td>\n<\/tr>\n<tr>\n<td width=\"212\">SOYADI<\/td>\n<td width=\"450\">&nbsp;<\/td>\n<\/tr>\n<tr>\n<td width=\"212\">T.C. K\u0130ML\u0130K NO<\/p>\n<p>(yabanc\u0131 ise) UYRU\u011eU K\u0130ML\u0130K NO\u00a0 veya\u00a0 PASAPORT NO<\/td>\n<td width=\"450\">&nbsp;<\/td>\n<\/tr>\n<tr>\n<td width=\"212\">TELEFON NUMARASI<\/td>\n<td width=\"450\">&nbsp;<\/td>\n<\/tr>\n<tr>\n<td width=\"212\">e-POSTA ADRES\u0130<\/td>\n<td width=\"450\">&nbsp;<\/td>\n<\/tr>\n<tr>\n<td width=\"212\">ADRES<\/td>\n<td width=\"450\">&nbsp;<\/td>\n<\/tr>\n<tr>\n<td width=\"212\">&nbsp;<\/td>\n<td width=\"450\">&nbsp;<\/td>\n<\/tr>\n<tr>\n<td width=\"212\">&nbsp;<\/td>\n<td width=\"450\">&nbsp;<\/td>\n<\/tr>\n<\/tbody>\n<\/table>\n<p>&nbsp;<\/p>\n<ol>\n<li><strong>Eker Turistik \u0130\u015fletmeler ve Ticaret Ltd.\u015eti. ile olan ili\u015fkinizi belirtiniz<\/strong>.<\/li>\n<\/ol>\n<p>(M\u00fc\u015fteri, i\u015f orta\u011f\u0131, \u00e7al\u0131\u015fan aday\u0131, eski \u00e7al\u0131\u015fan, \u00fc\u00e7\u00fcnc\u00fc taraf firma \u00e7al\u0131\u015fan\u0131, hissedar gibi)<\/p>\n<table width=\"661\">\n<tbody>\n<tr>\n<td width=\"309\">&nbsp;<\/p>\n<p>\u2610 M\u00fc\u015fteri<\/td>\n<td width=\"353\">&nbsp;<\/p>\n<p>\u2610 Ziyaret\u00e7i<\/td>\n<\/tr>\n<tr>\n<td width=\"309\">&nbsp;<\/p>\n<p>\u2610 \u0130\u015f orta\u011f\u0131<\/td>\n<td width=\"353\">&nbsp;<\/p>\n<p>\u2610 Di\u011fer: \u2026\u2026\u2026\u2026\u2026\u2026\u2026\u2026\u2026\u2026\u2026\u2026\u2026\u2026\u2026\u2026\u2026\u2026\u2026\u2026\u2026\u2026\u2026..<\/td>\n<\/tr>\n<\/tbody>\n<\/table>\n<p><strong>\u00a0<\/strong><\/p>\n<table width=\"660\">\n<tbody>\n<tr>\n<td width=\"660\"><strong>Eker Turistik \u0130\u015fletmeler ve Ticaret Ltd.\u015eti. <\/strong>i\u00e7erisinde ileti\u015fimde oldu\u011funuz<\/p>\n<p>&nbsp;<\/p>\n<p>Birim:\u2026\u2026\u2026\u2026\u2026\u2026\u2026.\u2026\u2026\u2026\u2026\u2026\u2026\u2026\u2026\u2026\u2026\u2026\u2026\u2026\u2026\u2026\u2026\u2026\u2026\u2026\u2026\u2026\u2026<\/p>\n<p>&nbsp;<\/p>\n<p>Konu: \u2026\u2026\u2026\u2026\u2026\u2026\u2026\u2026\u2026\u2026\u2026\u2026\u2026\u2026..\u2026\u2026\u2026\u2026\u2026\u2026\u2026\u2026\u2026\u2026\u2026\u2026\u2026\u2026.\u2026\u2026\u2026\u2026\u2026&#8230;\u2026\u2026\u2026\u2026\u2026\u2026\u2026\u2026\u2026\u2026\u2026\u2026\u2026\u2026\u2026\u2026\u2026\u2026\u2026\u2026<\/p>\n<p>&nbsp;<\/p>\n<p>\u2026\u2026\u2026\u2026\u2026\u2026\u2026\u2026\u2026\u2026\u2026\u2026\u2026\u2026\u2026\u2026\u2026\u2026\u2026\u2026\u2026\u2026\u2026\u2026\u2026\u2026\u2026\u2026\u2026\u2026\u2026\u2026\u2026\u2026\u2026\u2026\u2026\u2026\u2026\u2026\u2026\u2026\u2026\u2026\u2026\u2026\u2026\u2026\u2026\u2026\u2026\u2026\u2026\u2026\u2026\u2026\u2026\u2026..<\/td>\n<\/tr>\n<\/tbody>\n<\/table>\n<p><strong>\u00a0<\/strong><\/p>\n<table width=\"663\">\n<tbody>\n<tr>\n<td width=\"331\">\u2610 \u00a0Eski \u00c7al\u0131\u015fan\u0131m<\/p>\n<p>\u00c7al\u0131\u015ft\u0131\u011f\u0131m Y\u0131llar : \u2026\u2026\u2026\u2026\u2026\u2026\u2026\u2026\u2026\u2026\u2026\u2026\u2026\u2026\u2026\u2026.<\/p>\n<p>&nbsp;<\/p>\n<p>\u2610\u00a0\u00a0 Di\u011fer: \u2026\u2026\u2026\u2026\u2026\u2026\u2026\u2026\u2026\u2026\u2026\u2026\u2026\u2026\u2026\u2026\u2026\u2026\u2026\u2026..<\/td>\n<td width=\"332\">\u2610 \u00a0\u0130\u015f Ba\u015fvurusu \/ \u00d6zge\u00e7mi\u015f Payla\u015f\u0131m\u0131 Yapt\u0131m<\/p>\n<p>Tarih : \u2026\u2026\u2026\u2026\u2026\u2026\u2026\u2026\u2026\u2026\u2026\u2026\u2026\u2026\u2026\u2026\u2026\u2026\u2026\u2026\u2026\u2026\u2026\u2026\u2026.. \u2610 \u00a0\u00dc\u00e7\u00fcnc\u00fc Ki\u015fi Firma \u00c7al\u0131\u015fan\u0131y\u0131m<\/p>\n<p>L\u00fctfen \u00e7al\u0131\u015ft\u0131\u011f\u0131n\u0131z firma ve pozisyon bilgisini belirtiniz \u2026\u2026\u2026\u2026\u2026\u2026\u2026\u2026\u2026\u2026\u2026\u2026\u2026\u2026\u2026\u2026\u2026\u2026\u2026\u2026\u2026\u2026\u2026\u2026\u2026\u2026\u2026\u2026\u2026<\/p>\n<p>&#8230;&#8230;&#8230;&#8230;&#8230;&#8230;&#8230;&#8230;&#8230;&#8230;&#8230;&#8230;&#8230;&#8230;&#8230;&#8230;&#8230;&#8230;&#8230;&#8230;&#8230;&#8230;&#8230;&#8230;&#8230;&#8230;<\/td>\n<\/tr>\n<\/tbody>\n<\/table>\n<p><strong>\u00a0\u00a0\u00a0\u00a0\u00a0\u00a0\u00a0\u00a0\u00a0\u00a0\u00a0\u00a0\u00a0\u00a0\u00a0\u00a0\u00a0\u00a0\u00a0\u00a0\u00a0\u00a0\u00a0\u00a0\u00a0\u00a0\u00a0\u00a0\u00a0\u00a0\u00a0\u00a0\u00a0\u00a0\u00a0\u00a0\u00a0\u00a0\u00a0\u00a0\u00a0\u00a0\u00a0\u00a0\u00a0\u00a0\u00a0\u00a0\u00a0\u00a0\u00a0\u00a0\u00a0\u00a0 \u00a0\u00a0\u00a0\u00a0\u00a0\u00a0\u00a0\u00a0\u00a0\u00a0\u00a0\u00a0\u00a0\u00a0\u00a0\u00a0\u00a0\u00a0\u00a0\u00a0\u00a0\u00a0\u00a0\u00a0\u00a0\u00a0\u00a0\u00a0\u00a0\u00a0\u00a0\u00a0\u00a0\u00a0\u00a0\u00a0\u00a0\u00a0\u00a0\u00a0\u00a0\u00a0\u00a0\u00a0\u00a0\u00a0\u00a0\u00a0\u00a0\u00a0\u00a0\u00a0\u00a0\u00a0\u00a0\u00a0\u00a0\u00a0\u00a0\u00a0\u00a0\u00a0\u00a0\u00a0\u00a0\u00a0\u00a0\u00a0\u00a0\u00a0\u00a0\u00a0\u00a0\u00a0\u00a0\u00a0\u00a0\u00a0\u00a0\u00a0\u00a0\u00a0\u00a0\u00a0\u00a0\u00a0\u00a0\u00a0\u00a0\u00a0\u00a0\u00a0\u00a0\u00a0\u00a0\u00a0\u00a0\u00a0\u00a0\u00a0\u00a0\u00a0\u00a0\u00a0\u00a0\u00a0\u00a0\u00a0\u00a0\u00a0\u00a0\u00a0\u00a0\u00a0Sayfa 1<\/strong><\/p>\n<p><strong>L\u00fctfen KVK Kanunu kapsam\u0131ndaki talebinizi detayl\u0131 olarak belirtiniz:<\/strong> \u2026\u2026\u2026\u2026\u2026\u2026\u2026..\u2026\u2026\u2026\u2026\u2026.\u2026\u2026\u2026\u2026\u2026\u2026\u2026\u2026\u2026\u2026\u2026\u2026.\u2026\u2026\u2026\u2026\u2026\u2026\u2026\u2026\u2026\u2026\u2026\u2026.\u2026\u2026\u2026\u2026\u2026\u2026\u2026\u2026\u2026\u2026\u2026\u2026\u2026\u2026\u2026\u2026\u2026\u2026\u2026\u2026\u2026 \u2026\u2026\u2026\u2026\u2026\u2026\u2026\u2026\u2026\u2026\u2026\u2026\u2026\u2026\u2026\u2026\u2026\u2026\u2026\u2026\u2026\u2026\u2026\u2026\u2026\u2026\u2026\u2026\u2026\u2026\u2026\u2026\u2026\u2026\u2026\u2026\u2026\u2026\u2026\u2026\u2026\u2026\u2026\u2026\u2026\u2026\u2026\u2026\u2026\u2026\u2026\u2026\u2026\u2026\u2026\u2026\u2026\u2026\u2026 \u2026\u2026\u2026\u2026\u2026\u2026\u2026\u2026\u2026\u2026\u2026\u2026\u2026\u2026\u2026\u2026\u2026\u2026\u2026\u2026\u2026\u2026\u2026\u2026\u2026\u2026\u2026\u2026\u2026\u2026\u2026\u2026\u2026\u2026\u2026\u2026\u2026\u2026\u2026\u2026\u2026\u2026\u2026\u2026\u2026\u2026\u2026\u2026\u2026\u2026\u2026\u2026\u2026\u2026\u2026\u2026\u2026\u2026\u2026 \u2026\u2026\u2026\u2026\u2026\u2026\u2026\u2026\u2026\u2026\u2026\u2026\u2026\u2026\u2026\u2026\u2026\u2026\u2026\u2026\u2026\u2026\u2026\u2026\u2026\u2026\u2026\u2026\u2026\u2026\u2026\u2026\u2026\u2026\u2026\u2026\u2026\u2026\u2026\u2026\u2026\u2026\u2026\u2026\u2026\u2026\u2026\u2026\u2026\u2026\u2026\u2026\u2026\u2026\u2026\u2026\u2026\u2026\u2026 \u2026\u2026\u2026\u2026\u2026\u2026\u2026\u2026\u2026\u2026\u2026\u2026\u2026\u2026\u2026\u2026\u2026\u2026\u2026\u2026\u2026\u2026\u2026\u2026\u2026\u2026\u2026\u2026\u2026\u2026\u2026\u2026\u2026\u2026\u2026\u2026\u2026\u2026\u2026\u2026\u2026\u2026\u2026\u2026\u2026\u2026\u2026\u2026\u2026\u2026\u2026\u2026\u2026\u2026\u2026\u2026\u2026\u2026\u2026 \u2026\u2026\u2026\u2026\u2026\u2026\u2026\u2026\u2026\u2026\u2026\u2026\u2026\u2026\u2026\u2026\u2026\u2026\u2026\u2026\u2026\u2026\u2026\u2026\u2026\u2026\u2026\u2026\u2026\u2026\u2026\u2026\u2026\u2026\u2026\u2026\u2026\u2026\u2026\u2026\u2026\u2026\u2026\u2026\u2026\u2026\u2026\u2026\u2026\u2026\u2026\u2026\u2026\u2026\u2026\u2026\u2026\u2026\u2026 \u2026\u2026\u2026\u2026\u2026\u2026\u2026\u2026\u2026\u2026\u2026\u2026\u2026\u2026\u2026\u2026\u2026\u2026\u2026\u2026\u2026\u2026\u2026\u2026\u2026\u2026\u2026\u2026\u2026\u2026\u2026\u2026\u2026\u2026\u2026\u2026\u2026\u2026\u2026\u2026\u2026\u2026\u2026\u2026\u2026\u2026\u2026\u2026\u2026\u2026\u2026\u2026\u2026\u2026\u2026\u2026\u2026\u2026\u2026 \u2026\u2026\u2026\u2026\u2026\u2026\u2026\u2026\u2026\u2026\u2026\u2026\u2026\u2026\u2026\u2026\u2026\u2026\u2026\u2026\u2026\u2026\u2026\u2026\u2026\u2026\u2026\u2026\u2026\u2026\u2026\u2026\u2026\u2026\u2026\u2026\u2026\u2026\u2026\u2026\u2026\u2026\u2026\u2026\u2026\u2026\u2026\u2026\u2026\u2026\u2026\u2026\u2026\u2026\u2026\u2026\u2026\u2026\u2026 \u2026\u2026\u2026\u2026\u2026\u2026\u2026\u2026\u2026\u2026\u2026\u2026\u2026\u2026\u2026\u2026\u2026\u2026\u2026\u2026\u2026\u2026\u2026\u2026\u2026\u2026\u2026\u2026\u2026\u2026\u2026\u2026\u2026\u2026\u2026\u2026\u2026\u2026\u2026\u2026\u2026\u2026\u2026\u2026\u2026\u2026\u2026\u2026\u2026\u2026\u2026\u2026\u2026\u2026\u2026\u2026\u2026\u2026\u2026 \u2026\u2026\u2026\u2026\u2026\u2026\u2026\u2026\u2026\u2026\u2026\u2026\u2026\u2026\u2026\u2026\u2026\u2026\u2026\u2026\u2026\u2026\u2026\u2026\u2026\u2026\u2026\u2026\u2026\u2026\u2026\u2026\u2026\u2026\u2026\u2026\u2026\u2026\u2026\u2026\u2026\u2026\u2026\u2026\u2026\u2026\u2026\u2026\u2026\u2026\u2026\u2026\u2026\u2026\u2026\u2026\u2026\u2026.. \u2026\u2026\u2026\u2026\u2026\u2026\u2026..\u2026\u2026\u2026\u2026\u2026.\u2026\u2026\u2026\u2026\u2026\u2026\u2026\u2026\u2026\u2026\u2026\u2026.\u2026\u2026\u2026\u2026\u2026\u2026\u2026\u2026\u2026\u2026\u2026\u2026.\u2026\u2026\u2026\u2026\u2026\u2026\u2026\u2026\u2026\u2026\u2026\u2026\u2026\u2026\u2026\u2026\u2026\u2026\u2026\u2026\u2026 \u2026\u2026\u2026\u2026\u2026\u2026\u2026\u2026\u2026\u2026\u2026\u2026\u2026\u2026\u2026\u2026\u2026\u2026\u2026\u2026\u2026\u2026\u2026\u2026\u2026\u2026\u2026\u2026\u2026\u2026\u2026\u2026\u2026\u2026\u2026\u2026\u2026\u2026\u2026\u2026\u2026\u2026\u2026\u2026\u2026\u2026\u2026\u2026\u2026\u2026\u2026\u2026\u2026\u2026\u2026\u2026\u2026\u2026\u2026<\/p>\n<ol>\n<li><strong>L\u00fctfen ba\u015fvurunuza verece\u011fimiz yan\u0131t\u0131n taraf\u0131n\u0131za bildirilme y\u00f6ntemini se\u00e7iniz:<\/strong><\/li>\n<\/ol>\n<p>\u0080\u00a0 Adresime g\u00f6nderilmesini istiyorum.<\/p>\n<p>\u0080\u00a0 E-posta adresime g\u00f6nderilmesini istiyorum.<\/p>\n<p>(E-posta y\u00f6ntemini se\u00e7meniz h\u00e2linde size daha h\u0131zl\u0131 yan\u0131t verebilece\u011fiz.)<\/p>\n<p>\u0080\u00a0 Elden teslim almak istiyorum.<\/p>\n<p>(Vek\u00e2leten teslim al\u0131nmas\u0131 durumunda noter tasdikli vek\u00e2letname veya yetki belgesi<\/p>\n<p>olmas\u0131\u00a0 gerekmektedir.)<\/p>\n<p>\u0130\u015fbu ba\u015fvuru formu, <strong>Eker Turistik \u0130\u015fletmeler ve Ticaret Ltd.\u015eti.<\/strong>ile olan ili\u015fkinizi tespit ederek, varsa, <strong>Eker Turistik \u0130\u015fletmeler ve Ticaret Ltd.\u015eti. <\/strong>taraf\u0131ndan i\u015flenen ki\u015fisel verilerinizi eksiksiz olarak belirleyerek, ilgili ba\u015fvurunuza do\u011fru ve kanuni s\u00fcresinde cevap verilebilmesi i\u00e7in tanzim edilmi\u015ftir.<\/p>\n<p>Hukuka ayk\u0131r\u0131 ve haks\u0131z bir \u015fekilde veri payla\u015f\u0131m\u0131ndan kaynaklanabilecek hukuki risklerin bertaraf edilmesi ve \u00f6zellikle ki\u015fisel verilerinizin g\u00fcvenli\u011finin sa\u011flanmas\u0131 amac\u0131yla, kimlik ve yetki tespiti i\u00e7in <strong>Eker Turistik \u0130\u015fletmeler ve Ticaret Ltd.\u015eti.<\/strong> ek evrak ve malumat (N\u00fcfus c\u00fczdanI,Pasaport\u00a0 veya s\u00fcr\u00fcc\u00fc belgesi sureti vb.) talep etme hakk\u0131n\u0131 sakl\u0131 tutar.<\/p>\n<p>Form kapsam\u0131nda iletmekte oldu\u011funuz taleplerinize ili\u015fkin bilgilerin do\u011fru ve g\u00fcncel olmamas\u0131 ya da yetkisiz bir ba\u015fvuru yap\u0131lmas\u0131 halinde <strong>Eker Turistik \u0130\u015fletmeler ve Ticaret Ltd.\u015eti.<\/strong>, s\u00f6z konusu yanl\u0131\u015f bilgi ya da yetkisiz ba\u015fvuru kaynakl\u0131 taleplerden dolay\u0131 mesuliyet kabul etmemektedir.<\/p>\n<p><strong>\u00a0Ba\u015fvuru Sahibi (Ki\u015fisel Veri Sahibi) <\/strong><\/p>\n<p><strong>Ad\u0131 Soyad\u0131 : <\/strong><\/p>\n<p><strong>Ba\u015fvuru Tarihi : \u00a0\u00a0\u00a0\u00a0\u00a0\u00a0\u00a0\u00a0\u00a0\u00a0\u00a0\u00a0\u00a0\u00a0\u00a0\u00a0\u00a0\u00a0\u00a0\u00a0\u00a0\u00a0\u00a0\u00a0\u00a0\u00a0\u00a0\u00a0\u00a0\u00a0\u00a0\u00a0\u00a0\u00a0\u00a0\u00a0\u00a0\u00a0\u00a0\u00a0\u00a0\u00a0\u00a0\u00a0\u00a0\u00a0\u00a0\u00a0\u00a0\u00a0\u00a0\u00a0\u00a0\u00a0\u00a0\u00a0\u00a0\u00a0\u00a0\u00a0\u00a0\u00a0\u00a0\u00a0\u00a0\u00a0\u00a0\u00a0\u00a0\u00a0\u00a0\u00a0\u00a0\u00a0\u00a0\u00a0\u00a0\u00a0\u00a0\u00a0\u00a0\u00a0\u00a0\u00a0\u00a0\u00a0\u00a0\u00a0\u00a0\u0130mza :<\/strong><\/p>\n<p><strong>Sayfa 2<\/strong><\/p>\n","protected":false},"excerpt":{"rendered":"<p>GENEL A\u00c7IKLAMALAR 6698 Say\u0131l\u0131 Ki\u015fisel Verilerin Korunmas\u0131 Kanunu\u2019nda (\u201cKVK Kanunu\u201d) ilgili ki\u015fi olarak tan\u0131mlanan ki\u015fisel veri sahiplerine (\u201cBundan sonra \u201cBa\u015fvuru Sahibi\u201d olarak an\u0131lacakt\u0131r), KVK Kanunu\u2019nun 11\u2019inci maddesinde ki\u015fisel verilerinin i\u015flenmesine ili\u015fkin birtak\u0131m taleplerde bulunma hakk\u0131 tan\u0131nm\u0131\u015ft\u0131r. KVK Kanunu\u2019nun 13\u2019\u00fcnc\u00fc maddesinin &hellip; <\/p>\n","protected":false},"author":1,"featured_media":0,"parent":0,"menu_order":0,"comment_status":"closed","ping_status":"closed","template":"","meta":{"footnotes":""},"class_list":["post-28","page","type-page","status-publish","hentry"],"_links":{"self":[{"href":"https:\/\/ekergrup.com\/index.php?rest_route=\/wp\/v2\/pages\/28","targetHints":{"allow":["GET"]}}],"collection":[{"href":"https:\/\/ekergrup.com\/index.php?rest_route=\/wp\/v2\/pages"}],"about":[{"href":"https:\/\/ekergrup.com\/index.php?rest_route=\/wp\/v2\/types\/page"}],"author":[{"embeddable":true,"href":"https:\/\/ekergrup.com\/index.php?rest_route=\/wp\/v2\/users\/1"}],"replies":[{"embeddable":true,"href":"https:\/\/ekergrup.com\/index.php?rest_route=%2Fwp%2Fv2%2Fcomments&post=28"}],"version-history":[{"count":1,"href":"https:\/\/ekergrup.com\/index.php?rest_route=\/wp\/v2\/pages\/28\/revisions"}],"predecessor-version":[{"id":29,"href":"https:\/\/ekergrup.com\/index.php?rest_route=\/wp\/v2\/pages\/28\/revisions\/29"}],"wp:attachment":[{"href":"https:\/\/ekergrup.com\/index.php?rest_route=%2Fwp%2Fv2%2Fmedia&parent=28"}],"curies":[{"name":"wp","href":"https:\/\/api.w.org\/{rel}","templated":true}]}}